{"id":9642,"date":"2018-08-15T17:21:47","date_gmt":"2018-08-15T15:21:47","guid":{"rendered":"http:\/\/ig-deba.de\/wholesale\/?post_type=product&#038;p=9642"},"modified":"2018-08-15T17:22:46","modified_gmt":"2018-08-15T15:22:46","slug":"id-oe-2207-2","status":"publish","type":"product","link":"https:\/\/ig-deba.de\/wholesale\/?product=id-oe-2207-2","title":{"rendered":"ID-OE-2207"},"content":{"rendered":"<h2>Beschreibung<\/h2>\n<h4><b>Deba-Handbandage \/ MMA Gel Hand Wraps \/ Gelhandschuhe:<\/b><\/h4>\n<p>&nbsp;<\/p>\n<p>Deba\u00a0Bandagen Handschuh f\u00fcr Boxen \u2013\u00a0Kickboxen \u2013 Muay Thai \u2013 Kampfsport.<\/p>\n<p>Besserer Schutz f\u00fcr Kn\u00f6cheln, H\u00e4nden und Handgelenk durch Gel-Einsatz.<\/p>\n<p><b>Eigenschaften<\/b>:<\/p>\n<ul>\n<li>Innenhandschuhe aus Baumwolle und einer Gelpolsterung f\u00fcr eine bequeme Passform, ideal zum leichtem\u00a0Pratzentraining<\/li>\n<li>Schutz und Unterst\u00fctzung der Handgelenke<\/li>\n<li>Ersatz f\u00fcr Bandagen<\/li>\n<li>F\u00fcllung:\u00a0<b>Gel<\/b><\/li>\n<\/ul>\n","protected":false},"excerpt":{"rendered":"<table width=\"603\">\n<tbody>\n<tr>\n<td><strong><span style=\"vertical-align: inherit;\"><span style=\"vertical-align: inherit;\"><span style=\"vertical-align: inherit;\"><span style=\"vertical-align: inherit;\"><span style=\"vertical-align: inherit;\"><span style=\"vertical-align: inherit;\"><span style=\"vertical-align: inherit;\"><span style=\"vertical-align: inherit;\"><span style=\"vertical-align: inherit;\"><span style=\"vertical-align: inherit;\"><span style=\"vertical-align: inherit;\"><span style=\"vertical-align: inherit;\"><span style=\"vertical-align: inherit;\"><span style=\"vertical-align: inherit;\"><span style=\"vertical-align: inherit;\"><span style=\"vertical-align: inherit;\"><span style=\"vertical-align: inherit;\"><span style=\"vertical-align: inherit;\"><span style=\"vertical-align: inherit;\"><span style=\"vertical-align: inherit;\"><span style=\"vertical-align: inherit;\"><span style=\"vertical-align: inherit;\"><span style=\"vertical-align: inherit;\"><span style=\"vertical-align: inherit;\"><span style=\"vertical-align: inherit;\"><span style=\"vertical-align: inherit;\"><span style=\"vertical-align: inherit;\"><span style=\"vertical-align: inherit;\"><span style=\"vertical-align: inherit;\"><span style=\"vertical-align: inherit;\"><span style=\"vertical-align: inherit;\"><span style=\"vertical-align: inherit;\"><span style=\"vertical-align: inherit;\"><span style=\"vertical-align: inherit;\"><span style=\"vertical-align: inherit;\"><span style=\"vertical-align: inherit;\"><span style=\"vertical-align: inherit;\"><span style=\"vertical-align: inherit;\"><span style=\"vertical-align: inherit;\"><span style=\"vertical-align: inherit;\"><span style=\"vertical-align: inherit;\"><span style=\"vertical-align: inherit;\"><span style=\"vertical-align: inherit;\"><span style=\"vertical-align: inherit;\"><span style=\"vertical-align: inherit;\"><span style=\"vertical-align: inherit;\"><span style=\"vertical-align: inherit;\"><span style=\"vertical-align: inherit;\"><span style=\"vertical-align: inherit;\"><span style=\"vertical-align: inherit;\"><span style=\"vertical-align: inherit;\"><span style=\"vertical-align: inherit;\"><span style=\"vertical-align: inherit;\"><span style=\"vertical-align: inherit;\"><span style=\"vertical-align: inherit;\"><span style=\"vertical-align: inherit;\"><span style=\"vertical-align: inherit;\"><span style=\"vertical-align: inherit;\"><span style=\"vertical-align: inherit;\"><span style=\"vertical-align: inherit;\"><span style=\"vertical-align: inherit;\"><span style=\"vertical-align: inherit;\"><span style=\"vertical-align: inherit;\"><span style=\"vertical-align: inherit;\"><span style=\"vertical-align: inherit;\"><span style=\"vertical-align: inherit;\"><span style=\"vertical-align: inherit;\"><span style=\"vertical-align: inherit;\"><span style=\"vertical-align: inherit;\"><span style=\"vertical-align: inherit;\"><span style=\"vertical-align: inherit;\"><span style=\"vertical-align: inherit;\">Material<\/span><\/span><\/span><\/span><\/span><\/span><\/span><\/span><\/span><\/span><\/span><\/span><\/span><\/span><\/span><\/span><\/span><\/span><\/span><\/span><\/span><\/span><\/span><\/span><\/span><\/span><\/span><\/span><\/span><\/span><\/span><\/span><\/span><\/span><\/span><\/span><\/span><\/span><\/span><\/span><\/span><\/span><\/span><\/span><\/span><\/span><\/span><\/span><\/span><\/span><\/span><\/span><\/span><\/span><\/span><\/span><\/span><\/span><\/span><\/span><\/span><\/span><\/span><\/span><\/span><\/span><\/span><\/span><\/span><\/span><\/span><\/span><\/strong><\/td>\n<td>Baumwolle<\/td>\n<\/tr>\n<tr>\n<td><strong>Gr\u00f6\u00dfe<\/strong><\/td>\n<td>S | M | L | XL<\/td>\n<\/tr>\n<\/tbody>\n<\/table>\n","protected":false},"featured_media":9648,"comment_status":"closed","ping_status":"closed","template":"","meta":[],"product_cat":[101,83,84,97,98],"product_tag":[],"_links":{"self":[{"href":"https:\/\/ig-deba.de\/wholesale\/index.php?rest_route=\/wp\/v3\/product\/9642"}],"collection":[{"href":"https:\/\/ig-deba.de\/wholesale\/index.php?rest_route=\/wp\/v3\/product"}],"about":[{"href":"https:\/\/ig-deba.de\/wholesale\/index.php?rest_route=\/wp\/v2\/types\/product"}],"replies":[{"embeddable":true,"href":"https:\/\/ig-deba.de\/wholesale\/index.php?rest_route=%2Fwp%2Fv2%2Fcomments&post=9642"}],"wp:featuredmedia":[{"embeddable":true,"href":"https:\/\/ig-deba.de\/wholesale\/index.php?rest_route=\/wp\/v2\/media\/9648"}],"wp:attachment":[{"href":"https:\/\/ig-deba.de\/wholesale\/index.php?rest_route=%2Fwp%2Fv2%2Fmedia&parent=9642"}],"wp:term":[{"taxonomy":"product_cat","embeddable":true,"href":"https:\/\/ig-deba.de\/wholesale\/index.php?rest_route=%2Fwp%2Fv2%2Fproduct_cat&post=9642"},{"taxonomy":"product_tag","embeddable":true,"href":"https:\/\/ig-deba.de\/wholesale\/index.php?rest_route=%2Fwp%2Fv2%2Fproduct_tag&post=9642"}],"curies":[{"name":"wp","href":"https:\/\/api.w.org\/{rel}","templated":true}]}}